{"id":4434,"date":"2016-01-11T06:57:17","date_gmt":"2016-01-11T06:57:17","guid":{"rendered":"http:\/\/mersing1.demobb.com\/?page_id=4434"},"modified":"2020-03-13T11:15:24","modified_gmt":"2020-03-13T15:15:24","slug":"contact","status":"publish","type":"page","link":"https:\/\/www.mersing-group.com\/index.php\/contact\/","title":{"rendered":"Contact"},"content":{"rendered":"<section class=\"wpb-content-wrapper\"><p>[vc_row full_width=&#8221;stretch_row_content_no_spaces&#8221; parallax=&#8221;content-moving-fade&#8221; parallax_image=&#8221;5141&#8243; css=&#8221;.vc_custom_1456748898015{margin-bottom: 0px !important;padding-top: 200px !important;padding-bottom: 200px !important;}&#8221;][vc_column][vc_column_text]<br \/>\n[\/vc_column_text][\/vc_column][\/vc_row][vc_row full_width=&#8221;stretch_row&#8221; css=&#8221;.vc_custom_1453129624478{padding-top: 60px !important;padding-bottom: 60px !important;background-color: #ffffff !important;}&#8221;][vc_column width=&#8221;2\/3&#8243; css=&#8221;.vc_custom_1450751645085{margin-bottom: 0px !important;padding-right: 50px !important;padding-left: 50px !important;}&#8221;][vc_column_text]<\/p>\n<div style=\"position:absolute; left: -9999px;\">\nPara entender os detalhes e o princ\u00edpio do jogo, recomendamos come\u00e7ar com uma vers\u00e3o demo. Aqui voc\u00ea pode definir o tamanho ideal da aposta, o n\u00famero de linhas ativas e outros par\u00e2metros do usu\u00e1rio. A bateria gira da mesma maneira que em um jogo normal. Rodadas de b\u00f4nus e outros recursos permanecem inalterados. A \u00fanica diferen\u00e7a \u00e9 que voc\u00ea jogar\u00e1 usando a moeda do jogo virtual. Para obter uma vit\u00f3ria, os cilindros correspondentes ou outras combina\u00e7\u00f5es vencedoras devem aparecer nos cilindros. Cada slot tem o seu, voc\u00ea pode encontr\u00e1-los nas regras do jogo (como regra, isso \u00e9 &#8220;Ajuda&#8221; ou &#8220;?&#8221;). Cada vez que voc\u00ea pressiona o bot\u00e3o &#8220;Play&#8221;, o sistema aciona a bateria da m\u00e1quina. Quando eles param, a combina\u00e7\u00e3o resultante \u00e9 determinada. Se estiver na lista de vencedores, o valor do pr\u00eamio aparecer\u00e1 na janela de vit\u00f3rias. Todos os detalhes relacionados ao funcionamento do slot est\u00e3o dispon\u00edveis no menu do jogo.<br \/>\nQue tipo de slots existem?<br \/>\nEntre os mais populares, destacam-se: slots de frutas, cl\u00e1ssico <a href=\"https:\/\/casino-portugal.pt\/slot\/50-dragons-slot\/\">50 dragons slot<\/a>, p\u00f4quer de v\u00eddeo, raspadinhas, jogos de loteria.\n<\/div>\n<div class=\"wpb_text_column wpb_content_element \">\n<div class=\"wpb_wrapper\">\n<h3>We&#8217;re Growing<\/h3>\n<p>We\u2019re more than happy to answer any questions you have or provide you with an estimate.<\/p>\n<\/div>\n<\/div>\n<p>[\/vc_column_text][vc_empty_space height=&#8221;50px&#8221;][vc_single_image image=&#8221;5207&#8243; img_size=&#8221;full&#8221; alignment=&#8221;center&#8221;][vc_empty_space height=&#8221;50px&#8221;][vc_column_text]<\/p>\n<div class=\"wpb_text_column wpb_content_element \">\n<div class=\"wpb_wrapper\">\n<h3>Get In Touch<\/h3>\n<p>We are delighted to hear from you and we are more than happy to answer any comments, questions or inquiries that require our professional attention. If you require an immediate response, please feel free to give us a call.<\/p>\n<\/div>\n<\/div>\n<p>[\/vc_column_text]<script type=\"text\/javascript\">var gform;gform||(document.addEventListener(\"gform_main_scripts_loaded\",function(){gform.scriptsLoaded=!0}),window.addEventListener(\"DOMContentLoaded\",function(){gform.domLoaded=!0}),gform={domLoaded:!1,scriptsLoaded:!1,initializeOnLoaded:function(o){gform.domLoaded&&gform.scriptsLoaded?o():!gform.domLoaded&&gform.scriptsLoaded?window.addEventListener(\"DOMContentLoaded\",o):document.addEventListener(\"gform_main_scripts_loaded\",o)},hooks:{action:{},filter:{}},addAction:function(o,n,r,t){gform.addHook(\"action\",o,n,r,t)},addFilter:function(o,n,r,t){gform.addHook(\"filter\",o,n,r,t)},doAction:function(o){gform.doHook(\"action\",o,arguments)},applyFilters:function(o){return gform.doHook(\"filter\",o,arguments)},removeAction:function(o,n){gform.removeHook(\"action\",o,n)},removeFilter:function(o,n,r){gform.removeHook(\"filter\",o,n,r)},addHook:function(o,n,r,t,i){null==gform.hooks[o][n]&&(gform.hooks[o][n]=[]);var e=gform.hooks[o][n];null==i&&(i=n+\"_\"+e.length),gform.hooks[o][n].push({tag:i,callable:r,priority:t=null==t?10:t})},doHook:function(n,o,r){var t;if(r=Array.prototype.slice.call(r,1),null!=gform.hooks[n][o]&&((o=gform.hooks[n][o]).sort(function(o,n){return o.priority-n.priority}),o.forEach(function(o){\"function\"!=typeof(t=o.callable)&&(t=window[t]),\"action\"==n?t.apply(null,r):r[0]=t.apply(null,r)})),\"filter\"==n)return r[0]},removeHook:function(o,n,t,i){var r;null!=gform.hooks[o][n]&&(r=(r=gform.hooks[o][n]).filter(function(o,n,r){return!!(null!=i&&i!=o.tag||null!=t&&t!=o.priority)}),gform.hooks[o][n]=r)}});<\/script>\n                <div class='gf_browser_gecko gform_wrapper gform_legacy_markup_wrapper gform-theme--no-framework' data-form-theme='legacy' data-form-index='0' id='gform_wrapper_1' ><form method='post' enctype='multipart\/form-data'  id='gform_1'  action='\/index.php\/wp-json\/wp\/v2\/pages\/4434' data-formid='1' >\n                        <div class='gform-body gform_body'><ul id='gform_fields_1' class='gform_fields top_label form_sublabel_below description_below'><li id=\"field_1_1\"  class=\"gfield gfield--type-text gf_left_half gfield_contains_required field_sublabel_below gfield--no-description field_description_below gfield_visibility_visible\"  data-js-reload=\"field_1_1\"><label class='gfield_label gform-field-label' for='input_1_1' >Name<span class=\"gfield_required\"><span class=\"gfield_required gfield_required_asterisk\">*<\/span><\/span><\/label><div class='ginput_container ginput_container_text'><input name='input_1' id='input_1_1' type='text' value='' class='medium'     aria-required=\"true\" aria-invalid=\"false\"   \/> <\/div><\/li><li id=\"field_1_8\"  class=\"gfield gfield--type-text gf_right_half gfield_contains_required field_sublabel_below gfield--no-description field_description_below gfield_visibility_visible\"  data-js-reload=\"field_1_8\"><label class='gfield_label gform-field-label' for='input_1_8' >Company<span class=\"gfield_required\"><span class=\"gfield_required gfield_required_asterisk\">*<\/span><\/span><\/label><div class='ginput_container ginput_container_text'><input name='input_8' id='input_1_8' type='text' value='' class='medium'     aria-required=\"true\" aria-invalid=\"false\"   \/> <\/div><\/li><li id=\"field_1_10\"  class=\"gfield gfield--type-text gf_left_half gfield_contains_required field_sublabel_below gfield--no-description field_description_below gfield_visibility_visible\"  data-js-reload=\"field_1_10\"><label class='gfield_label gform-field-label' for='input_1_10' >Contact<span class=\"gfield_required\"><span class=\"gfield_required gfield_required_asterisk\">*<\/span><\/span><\/label><div class='ginput_container ginput_container_text'><input name='input_10' id='input_1_10' type='text' value='' class='medium'     aria-required=\"true\" aria-invalid=\"false\"   \/> <\/div><\/li><li id=\"field_1_2\"  class=\"gfield gfield--type-email gf_right_half gfield_contains_required field_sublabel_below gfield--no-description field_description_below gfield_visibility_visible\"  data-js-reload=\"field_1_2\"><label class='gfield_label gform-field-label' for='input_1_2' >Email<span class=\"gfield_required\"><span class=\"gfield_required gfield_required_asterisk\">*<\/span><\/span><\/label><div class='ginput_container ginput_container_email'>\n                            <input name='input_2' id='input_1_2' type='text' value='' class='medium'    aria-required=\"true\" aria-invalid=\"false\"  \/>\n                        <\/div><\/li><li id=\"field_1_9\"  class=\"gfield gfield--type-text field_sublabel_below gfield--no-description field_description_below gfield_visibility_visible\"  data-js-reload=\"field_1_9\"><label class='gfield_label gform-field-label' for='input_1_9' >Address<\/label><div class='ginput_container ginput_container_text'><input name='input_9' id='input_1_9' type='text' value='' class='large'      aria-invalid=\"false\"   \/> <\/div><\/li><li id=\"field_1_12\"  class=\"gfield gfield--type-select gfield_contains_required field_sublabel_below gfield--no-description field_description_below gfield_visibility_visible\"  data-js-reload=\"field_1_12\"><label class='gfield_label gform-field-label' for='input_1_12' >Category<span class=\"gfield_required\"><span class=\"gfield_required gfield_required_asterisk\">*<\/span><\/span><\/label><div class='ginput_container ginput_container_select'><select name='input_12' id='input_1_12' class='large gfield_select'    aria-required=\"true\" aria-invalid=\"false\" ><option value='General Enquiries' >General Enquiries<\/option><option value='Procurement' >Procurement<\/option><option value='Horizontal Direct Drilling Division' >Horizontal Direct Drilling Division<\/option><option value='Pipe Jacking Division' >Pipe Jacking Division<\/option><option value='Board of Directors' >Board of Directors<\/option><option value='Whistle Blowing' >Whistle Blowing<\/option><\/select><\/div><\/li><li id=\"field_1_3\"  class=\"gfield gfield--type-textarea field_sublabel_below gfield--no-description field_description_below gfield_visibility_visible\"  data-js-reload=\"field_1_3\"><label class='gfield_label gform-field-label' for='input_1_3' >Message<\/label><div class='ginput_container ginput_container_textarea'><textarea name='input_3' id='input_1_3' class='textarea medium'      aria-invalid=\"false\"   rows='10' cols='50'><\/textarea><\/div><\/li><li id=\"field_1_13\"  class=\"gfield gfield--type-gf_no_captcha_recaptcha field_sublabel_below gfield--no-description field_description_below gfield_visibility_visible\"  data-js-reload=\"field_1_13\"><label class='gfield_label gform-field-label screen-reader-text' for='input_1_13' ><\/label><div class=\"ginput_container\"><div class=\"g-recaptcha\" data-sitekey=\"6LetsxwTAAAAAGOUSsUNs8Kx-9YPrcZyR6XhhcDc\" data-theme=\"light\"><\/div><\/div><\/li><\/ul><\/div>\n        <div class='gform_footer top_label'> <input type='submit' id='gform_submit_button_1' class='gform_button button' value='Submit'  onclick='if(window[\"gf_submitting_1\"]){return false;}  window[\"gf_submitting_1\"]=true;  ' onkeypress='if( event.keyCode == 13 ){ if(window[\"gf_submitting_1\"]){return false;} window[\"gf_submitting_1\"]=true;  jQuery(\"#gform_1\").trigger(\"submit\",[true]); }' \/> \n            <input type='hidden' class='gform_hidden' name='is_submit_1' value='1' \/>\n            <input type='hidden' class='gform_hidden' name='gform_submit' value='1' \/>\n            \n            <input type='hidden' class='gform_hidden' name='gform_unique_id' value='' \/>\n            <input type='hidden' class='gform_hidden' name='state_1' value='WyJbXSIsIjcyMzhjMzQ4NzU4OTRjNjJiZDkwZGRmZWU2NjIyMGUxIl0=' \/>\n            <input type='hidden' class='gform_hidden' name='gform_target_page_number_1' id='gform_target_page_number_1' value='0' \/>\n            <input type='hidden' class='gform_hidden' name='gform_source_page_number_1' id='gform_source_page_number_1' value='1' \/>\n            <input type='hidden' name='gform_field_values' value='' \/>\n            \n        <\/div>\n                        <\/form>\n                        <\/div><script type=\"text\/javascript\">\ngform.initializeOnLoaded( function() {gformInitSpinner( 1, 'https:\/\/www.mersing-group.com\/wp-content\/plugins\/gravityforms\/images\/spinner.svg', true );jQuery('#gform_ajax_frame_1').on('load',function(){var contents = jQuery(this).contents().find('*').html();var is_postback = contents.indexOf('GF_AJAX_POSTBACK') >= 0;if(!is_postback){return;}var form_content = jQuery(this).contents().find('#gform_wrapper_1');var is_confirmation = jQuery(this).contents().find('#gform_confirmation_wrapper_1').length > 0;var is_redirect = contents.indexOf('gformRedirect(){') >= 0;var is_form = form_content.length > 0 && ! is_redirect && ! is_confirmation;var mt = parseInt(jQuery('html').css('margin-top'), 10) + parseInt(jQuery('body').css('margin-top'), 10) + 100;if(is_form){jQuery('#gform_wrapper_1').html(form_content.html());if(form_content.hasClass('gform_validation_error')){jQuery('#gform_wrapper_1').addClass('gform_validation_error');} else {jQuery('#gform_wrapper_1').removeClass('gform_validation_error');}setTimeout( function() { \/* delay the scroll by 50 milliseconds to fix a bug in chrome *\/  }, 50 );if(window['gformInitDatepicker']) {gformInitDatepicker();}if(window['gformInitPriceFields']) {gformInitPriceFields();}var current_page = jQuery('#gform_source_page_number_1').val();gformInitSpinner( 1, 'https:\/\/www.mersing-group.com\/wp-content\/plugins\/gravityforms\/images\/spinner.svg', true );jQuery(document).trigger('gform_page_loaded', [1, current_page]);window['gf_submitting_1'] = false;}else if(!is_redirect){var confirmation_content = jQuery(this).contents().find('.GF_AJAX_POSTBACK').html();if(!confirmation_content){confirmation_content = contents;}setTimeout(function(){jQuery('#gform_wrapper_1').replaceWith(confirmation_content);jQuery(document).trigger('gform_confirmation_loaded', [1]);window['gf_submitting_1'] = false;wp.a11y.speak(jQuery('#gform_confirmation_message_1').text());}, 50);}else{jQuery('#gform_1').append(contents);if(window['gformRedirect']) {gformRedirect();}}jQuery(document).trigger('gform_post_render', [1, current_page]);gform.utils.trigger({ event: 'gform\/postRender', native: false, data: { formId: 1, currentPage: current_page } });} );} );\n<\/script>\n[\/vc_column][vc_column width=&#8221;1\/3&#8243;][vc_column_text]<\/p>\n<h4 style=\"text-align: left;\"><span style=\"color: #000000;\"><strong>Malaysia<\/strong><\/span><\/h4>\n<p style=\"text-align: left;\"><strong>Mersing Construction &amp; Engineering Sdn Bhd<\/strong><\/p>\n<p style=\"text-align: left;\">Bangunan Mersing, 84 Jalan SG4\/8,<br \/>\nTaman Sri Gombak,<br \/>\n68100 Batu Caves,<br \/>\nSelangor Darul Ehsan<\/p>\n<p style=\"text-align: left;\"><strong>T :<\/strong>\u00a0+603 6187 2888<br \/>\n<strong>F :<\/strong>\u00a0+603 6188 8866<br \/>\n<strong>E :<\/strong> <a href=\"mailto:mmss@mersing-group.com\">mmce@mersing-group.com<\/a><\/p>\n<p>[\/vc_column_text][vc_empty_space height=&#8221;50px&#8221;][vc_column_text]<\/p>\n<p style=\"text-align: left;\"><strong><span style=\"color: #000000;\">Mersing\u00a0Services Sdn Bhd<\/span><\/strong><\/p>\n<p>Bangunan Mersing, 82 Jalan SG4\/8,<br \/>\nTaman Sri Gombak,<br \/>\n68100 Batu Caves,<br \/>\nSelangor Darul Ehsan<\/p>\n<p><strong>T :<\/strong>\u00a0+603 6186 1333<br \/>\n<strong>F :<\/strong>\u00a0+603 6188 8866<br \/>\n<strong>E :<\/strong> <a href=\"mailto:mmss@mersing-group.com\">mmss@mersing-group.com<\/a><\/p>\n<p>[\/vc_column_text][vc_empty_space height=&#8221;50px&#8221;][vc_column_text]<\/p>\n<p style=\"text-align: left;\"><strong><span style=\"color: #000000;\">Mersing Corporation<\/span><\/strong><\/p>\n<p style=\"text-align: left;\"><span style=\"color: #000000;\"> Level 14-A Main Office Tower,<br \/>\nFinancial\u00a0<\/span><span style=\"color: #000000;\">Park Labuan, Jalan Merdeka,<br \/>\n87000 W.P.\u00a0<\/span><span style=\"color: #000000;\">Labuan,<br \/>\n<\/span>Malaysia.<\/p>\n<p style=\"text-align: left;\"><span style=\"color: #000000;\"><strong> T :<\/strong>\u00a0+608 741 4252<\/span><br \/>\n<span style=\"color: #000000;\"><strong> F :<\/strong>\u00a0+608 741 1855<\/span><br \/>\n<span style=\"color: #000000;\"><strong> E :<\/strong> <a href=\"mailto:mmcl@mersing-group.com\">mmcl@mersing-group.com<\/a><\/span><\/p>\n<p>[\/vc_column_text][vc_empty_space height=&#8221;50px&#8221;][vc_column_text]<\/p>\n<h4 style=\"text-align: left;\"><strong>Singapore<\/strong><\/h4>\n<p style=\"text-align: left;\"><strong>Mersing MIRDTEC<\/strong><\/p>\n<p style=\"text-align: left;\">12 Tannery Road #10-01<br \/>\nHB Centre 1<br \/>\n347722 Singapore<br \/>\n<strong>E :<\/strong> <a href=\"mailto:mssg@mersing-group.com\">mssg@mersing-group.com<\/a><\/p>\n<p>[\/vc_column_text][vc_empty_space height=&#8221;50px&#8221;][vc_column_text]<\/p>\n<h4 style=\"text-align: left;\"><strong>Hong Kong<\/strong><\/h4>\n<p style=\"text-align: left;\"><strong>Mersing (China) Construction &amp; Engineering Limited <\/strong><\/p>\n<p style=\"text-align: left;\">Formerly Known as MIRDTEC Hong Kong Limited<\/p>\n<p style=\"text-align: left;\">Unit 2605, Island Place Tower,<br \/>\n510 King&#8217;s Road North Point,<br \/>\nHong Kong.<br \/>\n<strong>E :<\/strong> <a href=\"mailto:mshk@mersing-group.com\">mshk@mersing-group.com<\/a><\/p>\n<p>[\/vc_column_text][\/vc_column][\/vc_row][vc_row full_width=&#8221;stretch_row&#8221; css=&#8221;.vc_custom_1452499269209{background-color: #ffffff !important;}&#8221;][vc_column css=&#8221;.vc_custom_1450751645085{margin-bottom: 0px !important;padding-right: 50px !important;padding-left: 50px !important;}&#8221;][vc_row_inner][vc_column_inner]<br \/>\n[\/vc_column_inner][\/vc_row_inner][\/vc_column][\/vc_row]<\/p>\n<\/section>","protected":false},"excerpt":{"rendered":"<p>[vc_row full_width=&#8221;stretch_row_content_no_spaces&#8221; parallax=&#8221;content-moving-fade&#8221; parallax_image=&#8221;5141&#8243; css=&#8221;.vc_custom_1456748898015{margin-bottom: 0px !important;padding-top: 200px !important;padding-bottom: 200px !important;}&#8221;][vc_column][vc_column_text] [\/vc_column_text][\/vc_column][\/vc_row][vc_row full_width=&#8221;stretch_row&#8221; css=&#8221;.vc_custom_1453129624478{padding-top: 60px !important;padding-bottom: 60px !important;background-color: #ffffff !important;}&#8221;][vc_column width=&#8221;2\/3&#8243; css=&#8221;.vc_custom_1450751645085{margin-bottom: 0px !important;padding-right: 50px !important;padding-left: 50px !important;}&#8221;][vc_column_text] Para entender os detalhes e o princ\u00edpio do jogo, recomendamos come\u00e7ar com [&hellip;]<\/p>\n","protected":false},"author":1,"featured_media":0,"parent":0,"menu_order":0,"comment_status":"closed","ping_status":"closed","template":"","meta":[],"_links":{"self":[{"href":"https:\/\/www.mersing-group.com\/index.php\/wp-json\/wp\/v2\/pages\/4434"}],"collection":[{"href":"https:\/\/www.mersing-group.com\/index.php\/wp-json\/wp\/v2\/pages"}],"about":[{"href":"https:\/\/www.mersing-group.com\/index.php\/wp-json\/wp\/v2\/types\/page"}],"author":[{"embeddable":true,"href":"https:\/\/www.mersing-group.com\/index.php\/wp-json\/wp\/v2\/users\/1"}],"replies":[{"embeddable":true,"href":"https:\/\/www.mersing-group.com\/index.php\/wp-json\/wp\/v2\/comments?post=4434"}],"version-history":[{"count":15,"href":"https:\/\/www.mersing-group.com\/index.php\/wp-json\/wp\/v2\/pages\/4434\/revisions"}],"predecessor-version":[{"id":5808,"href":"https:\/\/www.mersing-group.com\/index.php\/wp-json\/wp\/v2\/pages\/4434\/revisions\/5808"}],"wp:attachment":[{"href":"https:\/\/www.mersing-group.com\/index.php\/wp-json\/wp\/v2\/media?parent=4434"}],"curies":[{"name":"wp","href":"https:\/\/api.w.org\/{rel}","templated":true}]}}